{"id":127,"date":"2026-02-16T19:51:47","date_gmt":"2026-02-16T19:51:47","guid":{"rendered":"http:\/\/amoremiomiami.com\/?page_id=127"},"modified":"2026-02-16T19:52:19","modified_gmt":"2026-02-16T19:52:19","slug":"blog","status":"publish","type":"page","link":"https:\/\/amoremiomiami.com\/?page_id=127","title":{"rendered":"Blog"},"content":{"rendered":"\n<div class=\"wp-block-group alignfull has-mono-4-background-color has-background has-global-padding is-layout-constrained wp-container-core-group-is-layout-c3b3325f wp-block-group-is-layout-constrained\" style=\"margin-top:0;margin-bottom:0;padding-top:var(--wp--preset--spacing--superbspacing-large);padding-right:var(--wp--preset--spacing--superbspacing-small);padding-bottom:var(--wp--preset--spacing--superbspacing-large);padding-left:var(--wp--preset--spacing--superbspacing-small)\">\n<div class=\"wp-block-group alignwide has-global-padding is-layout-constrained wp-container-core-group-is-layout-71f7e72a wp-block-group-is-layout-constrained\">\n<h2 class=\"wp-block-heading has-text-align-center has-contrast-color has-text-color has-superbfont-xlarge-font-size\">Conoce qu\u00e9 hay detr\u00e1s de nuestros arreglos&#8230;<\/h2>\n<\/div>\n\n\n\n<div class=\"wp-block-columns alignwide is-layout-flex wp-container-core-columns-is-layout-f9d87e41 wp-block-columns-is-layout-flex\">\n<div class=\"wp-block-column is-vertically-aligned-top is-layout-flow wp-container-core-column-is-layout-db2cb278 wp-block-column-is-layout-flow\">\n<figure class=\"wp-block-image aligncenter size-large has-custom-border\"><img loading=\"lazy\" decoding=\"async\" width=\"649\" height=\"866\" src=\"http:\/\/amoremiomiami.com\/wp-content\/uploads\/2026\/02\/IMG_5742-4-edited.jpg\" alt=\"\" class=\"wp-image-135\" style=\"border-radius:8px;object-fit:cover\" srcset=\"https:\/\/amoremiomiami.com\/wp-content\/uploads\/2026\/02\/IMG_5742-4-edited.jpg 649w, https:\/\/amoremiomiami.com\/wp-content\/uploads\/2026\/02\/IMG_5742-4-edited-225x300.jpg 225w\" sizes=\"auto, (max-width: 649px) 100vw, 649px\" \/><\/figure>\n\n\n\n<div class=\"wp-block-group has-global-padding is-layout-constrained wp-container-core-group-is-layout-85cc789f wp-block-group-is-layout-constrained\">\n<div class=\"wp-block-group has-global-padding is-layout-constrained wp-container-core-group-is-layout-19e250f3 wp-block-group-is-layout-constrained\">\n<h3 class=\"wp-block-heading has-text-align-center has-contrast-color has-text-color\" style=\"font-size:clamp(17.905px, 1.119rem + ((1vw - 3.2px) * 1.147), 28px);\">\u00bfPor qu\u00e9 nuestras Rosas duran tanto?<\/h3>\n<\/div>\n\n\n\n<p class=\"has-text-align-center has-mono-2-color has-text-color has-superbfont-xsmall-font-size\" style=\"margin-top:var(--wp--preset--spacing--superbspacing-xxsmall);margin-bottom:var(--wp--preset--spacing--superbspacing-xxsmall)\">Nuestras &#8220;ROSAS ETERNAS&#8221; son rosas naturales que pasan por un proceso t\u00e9cnico de estabilizaci\u00f3n en donde se sustituye la savia natural por glicerina, agua y otros elementos que les permite mantener su frescura, textura suave y color vibrante durante 3 a 5 a\u00f1os sin necesitar luz ni agua.<\/p>\n<\/div>\n<\/div>\n\n\n\n<div class=\"wp-block-column is-vertically-aligned-top is-layout-flow wp-container-core-column-is-layout-db2cb278 wp-block-column-is-layout-flow\">\n<figure class=\"wp-block-image aligncenter size-full has-custom-border\"><img loading=\"lazy\" decoding=\"async\" width=\"906\" height=\"1212\" src=\"http:\/\/amoremiomiami.com\/wp-content\/uploads\/2026\/02\/Captura-de-pantalla-2026-02-16-a-las-14.58.53-2.png\" alt=\"\" class=\"wp-image-130\" style=\"border-radius:8px;object-fit:cover\" srcset=\"https:\/\/amoremiomiami.com\/wp-content\/uploads\/2026\/02\/Captura-de-pantalla-2026-02-16-a-las-14.58.53-2.png 906w, https:\/\/amoremiomiami.com\/wp-content\/uploads\/2026\/02\/Captura-de-pantalla-2026-02-16-a-las-14.58.53-2-224x300.png 224w, https:\/\/amoremiomiami.com\/wp-content\/uploads\/2026\/02\/Captura-de-pantalla-2026-02-16-a-las-14.58.53-2-765x1024.png 765w, https:\/\/amoremiomiami.com\/wp-content\/uploads\/2026\/02\/Captura-de-pantalla-2026-02-16-a-las-14.58.53-2-768x1027.png 768w\" sizes=\"auto, (max-width: 906px) 100vw, 906px\" \/><\/figure>\n\n\n\n<div class=\"wp-block-group has-global-padding is-layout-constrained wp-container-core-group-is-layout-85cc789f wp-block-group-is-layout-constrained\">\n<div class=\"wp-block-group has-global-padding is-layout-constrained wp-container-core-group-is-layout-19e250f3 wp-block-group-is-layout-constrained\">\n<h3 class=\"wp-block-heading has-text-align-center has-contrast-color has-text-color\" style=\"font-size:clamp(17.905px, 1.119rem + ((1vw - 3.2px) * 1.147), 28px);\">\u00bfQu\u00e9 peluches puedo escoger y de qu\u00e9 tama\u00f1os?<\/h3>\n<\/div>\n\n\n\n<p class=\"has-text-align-center has-mono-2-color has-text-color has-superbfont-xsmall-font-size\" style=\"margin-top:var(--wp--preset--spacing--superbspacing-xxsmall);margin-bottom:var(--wp--preset--spacing--superbspacing-xxsmall)\">Puedes escoger el peluche qu\u00e9 desees, del tama\u00f1o y color que prefieras, solo tienes que consultarnos la disponibilidad. <\/p>\n<\/div>\n<\/div>\n\n\n\n<div class=\"wp-block-column is-vertically-aligned-top is-layout-flow wp-container-core-column-is-layout-db2cb278 wp-block-column-is-layout-flow\">\n<figure class=\"wp-block-image aligncenter size-large has-custom-border\"><img loading=\"lazy\" decoding=\"async\" width=\"725\" height=\"966\" src=\"http:\/\/amoremiomiami.com\/wp-content\/uploads\/2026\/02\/Captura-de-pantalla-2026-02-16-a-las-14.59.07-4-edited-1.png\" alt=\"\" class=\"wp-image-138\" style=\"border-radius:8px;object-fit:cover\" srcset=\"https:\/\/amoremiomiami.com\/wp-content\/uploads\/2026\/02\/Captura-de-pantalla-2026-02-16-a-las-14.59.07-4-edited-1.png 725w, https:\/\/amoremiomiami.com\/wp-content\/uploads\/2026\/02\/Captura-de-pantalla-2026-02-16-a-las-14.59.07-4-edited-1-225x300.png 225w\" sizes=\"auto, (max-width: 725px) 100vw, 725px\" \/><\/figure>\n\n\n\n<div class=\"wp-block-group has-global-padding is-layout-constrained wp-container-core-group-is-layout-85cc789f wp-block-group-is-layout-constrained\">\n<div class=\"wp-block-group has-global-padding is-layout-constrained wp-container-core-group-is-layout-19e250f3 wp-block-group-is-layout-constrained\">\n<h3 class=\"wp-block-heading has-text-align-center has-contrast-color has-text-color\" style=\"font-size:clamp(17.905px, 1.119rem + ((1vw - 3.2px) * 1.147), 28px);\">\u00bfQu\u00e9 chocolates les puedo poner?<\/h3>\n<\/div>\n\n\n\n<p class=\"has-text-align-center has-mono-2-color has-text-color has-superbfont-xsmall-font-size\" style=\"margin-top:var(--wp--preset--spacing--superbspacing-xxsmall);margin-bottom:var(--wp--preset--spacing--superbspacing-xxsmall)\">\u00a1El que m\u00e1s te guste! Pero&#8230; no est\u00e1 de m\u00e1s decir que el Ferrero Rocher es el favorito de todos nuestros clientes. \u00a1Son un \u00e9xito en cada entrega!<\/p>\n<\/div>\n<\/div>\n<\/div>\n<\/div>\n","protected":false},"excerpt":{"rendered":"<p>Conoce qu\u00e9 hay detr\u00e1s de nuestros arreglos&#8230; \u00bfPor qu\u00e9 nuestras Rosas duran tanto? Nuestras &#8220;ROSAS ETERNAS&#8221; son rosas naturales que pasan por un proceso t\u00e9cnico de estabilizaci\u00f3n en donde se sustituye la savia natural por glicerina, agua y otros elementos que les permite mantener su frescura, textura suave y color vibrante durante 3 a 5 [&hellip;]<\/p>\n","protected":false},"author":1,"featured_media":0,"parent":0,"menu_order":0,"comment_status":"closed","ping_status":"closed","template":"","meta":{"footnotes":""},"class_list":["post-127","page","type-page","status-publish","hentry"],"_links":{"self":[{"href":"https:\/\/amoremiomiami.com\/index.php?rest_route=\/wp\/v2\/pages\/127","targetHints":{"allow":["GET"]}}],"collection":[{"href":"https:\/\/amoremiomiami.com\/index.php?rest_route=\/wp\/v2\/pages"}],"about":[{"href":"https:\/\/amoremiomiami.com\/index.php?rest_route=\/wp\/v2\/types\/page"}],"author":[{"embeddable":true,"href":"https:\/\/amoremiomiami.com\/index.php?rest_route=\/wp\/v2\/users\/1"}],"replies":[{"embeddable":true,"href":"https:\/\/amoremiomiami.com\/index.php?rest_route=%2Fwp%2Fv2%2Fcomments&post=127"}],"version-history":[{"count":2,"href":"https:\/\/amoremiomiami.com\/index.php?rest_route=\/wp\/v2\/pages\/127\/revisions"}],"predecessor-version":[{"id":139,"href":"https:\/\/amoremiomiami.com\/index.php?rest_route=\/wp\/v2\/pages\/127\/revisions\/139"}],"wp:attachment":[{"href":"https:\/\/amoremiomiami.com\/index.php?rest_route=%2Fwp%2Fv2%2Fmedia&parent=127"}],"curies":[{"name":"wp","href":"https:\/\/api.w.org\/{rel}","templated":true}]}}