{"id":113,"date":"2026-02-16T19:26:12","date_gmt":"2026-02-16T19:26:12","guid":{"rendered":"http:\/\/amoremiomiami.com\/?page_id=113"},"modified":"2026-02-16T19:31:54","modified_gmt":"2026-02-16T19:31:54","slug":"conocenos","status":"publish","type":"page","link":"https:\/\/amoremiomiami.com\/?page_id=113","title":{"rendered":"Con\u00f3cenos"},"content":{"rendered":"\n<main class=\"wp-block-group alignfull has-mono-4-background-color has-background has-global-padding is-layout-constrained wp-container-core-group-is-layout-c3433f61 wp-block-group-is-layout-constrained\" style=\"margin-top:0;margin-bottom:0;padding-top:var(--wp--preset--spacing--superbspacing-xxlarge);padding-right:var(--wp--preset--spacing--superbspacing-small);padding-bottom:var(--wp--preset--spacing--superbspacing-xxlarge);padding-left:var(--wp--preset--spacing--superbspacing-small)\">\n<div class=\"wp-block-columns alignwide is-layout-flex wp-container-core-columns-is-layout-25593187 wp-block-columns-is-layout-flex\">\n<div class=\"wp-block-column is-vertically-aligned-center is-layout-flow wp-container-core-column-is-layout-a1628350 wp-block-column-is-layout-flow\" style=\"padding-top:0;padding-right:0;padding-bottom:0;padding-left:0\">\n<div class=\"wp-block-group is-layout-flow wp-container-core-group-is-layout-ff697075 wp-block-group-is-layout-flow\">\n<h3 class=\"wp-block-heading has-text-align-left has-superbfont-xlarge-font-size\" style=\"font-style:normal;font-weight:600\">SOMOS AMORE M\u00cdO<\/h3>\n\n\n\n<p class=\"has-text-align-left has-mono-2-color has-text-color has-superbfont-small-font-size\">Nos encargamos de llevar a esos d\u00edas especiales, un recuerdo inolvidable para esa persona especial en tu vida. Con rosas que durar\u00e1n a\u00f1os, adornos \u00fanicos, y momentos inigualables que podr\u00e1s personalizar para cada ocasi\u00f3n.<\/p>\n\n\n\n<p class=\"has-text-align-left has-mono-2-color has-text-color has-superbfont-small-font-size\">Nos encontramos ubicados en Miami, Florida; pero si tu regalo especial, va m\u00e1s a all\u00e1, com\u00e9ntanos y te diremos c\u00f3mo podemos ayudarte.<\/p>\n<\/div>\n\n\n\n<div class=\"wp-block-buttons is-layout-flex wp-container-core-buttons-is-layout-69f3c5ca wp-block-buttons-is-layout-flex\">\n<div class=\"wp-block-button\"><a class=\"wp-block-button__link has-superbfont-small-font-size has-custom-font-size wp-element-button\" href=\"http:\/\/amoremiomiami.com\/?page_id=96\u2197\" style=\"padding-top:var(--wp--preset--spacing--superbspacing-xsmall);padding-right:var(--wp--preset--spacing--superbspacing-xsmall);padding-bottom:var(--wp--preset--spacing--superbspacing-xsmall);padding-left:var(--wp--preset--spacing--superbspacing-xsmall)\">VER PRODUCTOS<\/a><\/div>\n\n\n\n<div class=\"wp-block-button is-style-outline is-style-outline--1\"><a class=\"wp-block-button__link has-primary-color has-text-color has-superbfont-small-font-size has-custom-font-size wp-element-button\" href=\"http:\/\/amoremiomiami.com\/?page_id=88\u2197\" style=\"border-style:none;border-width:0px;padding-top:var(--wp--preset--spacing--superbspacing-xsmall);padding-right:var(--wp--preset--spacing--superbspacing-xsmall);padding-bottom:var(--wp--preset--spacing--superbspacing-xsmall);padding-left:var(--wp--preset--spacing--superbspacing-xsmall)\">CONT\u00c1CTANOS<\/a><\/div>\n<\/div>\n<\/div>\n\n\n\n<div class=\"wp-block-column is-vertically-aligned-center is-layout-flow wp-container-core-column-is-layout-40a2a7e8 wp-block-column-is-layout-flow\" style=\"padding-right:0;padding-bottom:0;padding-left:0\">\n<figure class=\"wp-block-image size-large has-custom-border\"><img loading=\"lazy\" decoding=\"async\" width=\"1320\" height=\"1320\" src=\"http:\/\/amoremiomiami.com\/wp-content\/uploads\/2026\/02\/IMG_5742-3-edited.jpg\" alt=\"\" class=\"wp-image-117\" style=\"border-radius:8px\" srcset=\"https:\/\/amoremiomiami.com\/wp-content\/uploads\/2026\/02\/IMG_5742-3-edited.jpg 1320w, https:\/\/amoremiomiami.com\/wp-content\/uploads\/2026\/02\/IMG_5742-3-edited-300x300.jpg 300w, https:\/\/amoremiomiami.com\/wp-content\/uploads\/2026\/02\/IMG_5742-3-edited-1024x1024.jpg 1024w, https:\/\/amoremiomiami.com\/wp-content\/uploads\/2026\/02\/IMG_5742-3-edited-150x150.jpg 150w, https:\/\/amoremiomiami.com\/wp-content\/uploads\/2026\/02\/IMG_5742-3-edited-768x768.jpg 768w\" sizes=\"auto, (max-width: 1320px) 100vw, 1320px\" \/><\/figure>\n<\/div>\n<\/div>\n<\/main>\n","protected":false},"excerpt":{"rendered":"<p>SOMOS AMORE M\u00cdO Nos encargamos de llevar a esos d\u00edas especiales, un recuerdo inolvidable para esa persona especial en tu vida. Con rosas que durar\u00e1n a\u00f1os, adornos \u00fanicos, y momentos inigualables que podr\u00e1s personalizar para cada ocasi\u00f3n. Nos encontramos ubicados en Miami, Florida; pero si tu regalo especial, va m\u00e1s a all\u00e1, com\u00e9ntanos y te [&hellip;]<\/p>\n","protected":false},"author":1,"featured_media":0,"parent":0,"menu_order":0,"comment_status":"closed","ping_status":"closed","template":"","meta":{"footnotes":""},"class_list":["post-113","page","type-page","status-publish","hentry"],"_links":{"self":[{"href":"https:\/\/amoremiomiami.com\/index.php?rest_route=\/wp\/v2\/pages\/113","targetHints":{"allow":["GET"]}}],"collection":[{"href":"https:\/\/amoremiomiami.com\/index.php?rest_route=\/wp\/v2\/pages"}],"about":[{"href":"https:\/\/amoremiomiami.com\/index.php?rest_route=\/wp\/v2\/types\/page"}],"author":[{"embeddable":true,"href":"https:\/\/amoremiomiami.com\/index.php?rest_route=\/wp\/v2\/users\/1"}],"replies":[{"embeddable":true,"href":"https:\/\/amoremiomiami.com\/index.php?rest_route=%2Fwp%2Fv2%2Fcomments&post=113"}],"version-history":[{"count":3,"href":"https:\/\/amoremiomiami.com\/index.php?rest_route=\/wp\/v2\/pages\/113\/revisions"}],"predecessor-version":[{"id":121,"href":"https:\/\/amoremiomiami.com\/index.php?rest_route=\/wp\/v2\/pages\/113\/revisions\/121"}],"wp:attachment":[{"href":"https:\/\/amoremiomiami.com\/index.php?rest_route=%2Fwp%2Fv2%2Fmedia&parent=113"}],"curies":[{"name":"wp","href":"https:\/\/api.w.org\/{rel}","templated":true}]}}